{"id":1146,"date":"2025-11-17T13:36:58","date_gmt":"2025-11-17T13:36:58","guid":{"rendered":"https:\/\/innovesolucoescontabeis.com.br\/home\/?page_id=1146"},"modified":"2025-11-17T13:43:54","modified_gmt":"2025-11-17T13:43:54","slug":"servicos-contabil","status":"publish","type":"page","link":"https:\/\/innovesolucoescontabeis.com.br\/home\/servicos-contabil\/","title":{"rendered":"Servi\u00e7os Contabil"},"content":{"rendered":"\t\t<div data-elementor-type=\"wp-page\" data-elementor-id=\"1146\" class=\"elementor elementor-1146\" data-elementor-post-type=\"page\">\n\t\t\t\t<div class=\"elementor-element elementor-element-0551c50 e-flex e-con-boxed wpr-particle-no wpr-jarallax-no wpr-parallax-no wpr-sticky-section-no e-con e-parent\" data-id=\"0551c50\" data-element_type=\"container\">\n\t\t\t\t\t<div class=\"e-con-inner\">\n\t\t<div class=\"elementor-element elementor-element-b5199cf e-con-full e-flex wpr-particle-no wpr-jarallax-no wpr-parallax-no wpr-sticky-section-no e-con e-child\" data-id=\"b5199cf\" data-element_type=\"container\" data-settings=\"{&quot;background_background&quot;:&quot;classic&quot;}\">\n\t\t\t\t<div class=\"elementor-element elementor-element-eb2c8ce elementor-headline--style-highlight elementor-widget elementor-widget-animated-headline\" data-id=\"eb2c8ce\" data-element_type=\"widget\" data-settings=\"{&quot;marker&quot;:&quot;underline_zigzag&quot;,&quot;highlighted_text&quot;:&quot;de Contabilidade\\\/Fiscal&quot;,&quot;headline_style&quot;:&quot;highlight&quot;,&quot;loop&quot;:&quot;yes&quot;,&quot;highlight_animation_duration&quot;:1200,&quot;highlight_iteration_delay&quot;:8000}\" data-widget_type=\"animated-headline.default\">\n\t\t\t\t\t\t\t<h3 class=\"elementor-headline\">\n\t\t\t\t\t<span class=\"elementor-headline-plain-text elementor-headline-text-wrapper\">Servi\u00e7os<\/span>\n\t\t\t\t<span class=\"elementor-headline-dynamic-wrapper elementor-headline-text-wrapper\">\n\t\t\t\t\t<span class=\"elementor-headline-dynamic-text elementor-headline-text-active\">de Contabilidade\/Fiscal<\/span>\n\t\t\t\t<\/span>\n\t\t\t\t<\/h3>\n\t\t\t\t\t\t<\/div>\n\t\t\t\t<div class=\"elementor-element elementor-element-7fd9084 elementor-widget elementor-widget-text-editor\" data-id=\"7fd9084\" data-element_type=\"widget\" data-widget_type=\"text-editor.default\">\n\t\t\t\t\t\t\t\t\t<p><strong><span dir=\"auto\" style=\"vertical-align: inherit;\"><span dir=\"auto\" style=\"vertical-align: inherit;\">Abertura, Legaliza\u00e7\u00e3o e Regulariza\u00e7\u00e3o Empresarial<\/span><\/span><\/strong><\/p><p><span dir=\"auto\" style=\"vertical-align: inherit;\"><span dir=\"auto\" style=\"vertical-align: inherit;\">A Innove atua em todas as etapas da constitui\u00e7\u00e3o e legaliza\u00e7\u00e3o de empresas, garantindo seguran\u00e7a jur\u00eddica desde o primeiro passo. Realizamos abertura completa do CNPJ, defini\u00e7\u00e3o da natureza jur\u00eddica, elabora\u00e7\u00e3o do contrato social, inscri\u00e7\u00f5es fiscais, obten\u00e7\u00e3o de alvar\u00e1s e demais registros obrigat\u00f3rios. Tamb\u00e9m conduzimos processos de regulariza\u00e7\u00e3o para empresas que precisam atualizar dados, reenquadrar atividades, ajustar pend\u00eancias fiscais ou adequar-se \u00e0s normas vigentes. Nosso objetivo \u00e9 entregar um neg\u00f3cio totalmente regularizado, apto a operar sem riscos e com plena conformidade legal.<\/span><\/span><\/p>\t\t\t\t\t\t\t\t<\/div>\n\t\t\t\t<div class=\"elementor-element elementor-element-37b8df4 elementor-widget elementor-widget-text-editor\" data-id=\"37b8df4\" data-element_type=\"widget\" data-widget_type=\"text-editor.default\">\n\t\t\t\t\t\t\t\t\t<p><b>Enquadramento e Planejamento Tribut\u00e1rio (Simples, Presumido e Real)<\/b><\/p><p>A escolha correta do regime tribut\u00e1rio \u00e9 decisiva para a sa\u00fade financeira da empresa. Por isso, a Innove elabora um planejamento tribut\u00e1rio completo, avaliando faturamento, margem, estrutura operacional e proje\u00e7\u00f5es futuras. Analisamos cen\u00e1rios no Simples Nacional, Lucro Presumido e Lucro Real para identificar o regime mais econ\u00f4mico, reduzir carga tribut\u00e1ria e evitar autua\u00e7\u00f5es. O enquadramento \u00e9 feito com base nas legisla\u00e7\u00f5es atualizadas, garantindo que cada cliente pague apenas o necess\u00e1rio \u2014 com estrat\u00e9gia, previsibilidade e efici\u00eancia.<b><\/b><\/p>\t\t\t\t\t\t\t\t<\/div>\n\t\t\t\t<div class=\"elementor-element elementor-element-5021c03 elementor-widget elementor-widget-text-editor\" data-id=\"5021c03\" data-element_type=\"widget\" data-widget_type=\"text-editor.default\">\n\t\t\t\t\t\t\t\t\t<p><b>Contabilidade Completa e Especializada<\/b><\/p>\n<p>A escolha correta do regime tribut\u00e1rio \u00e9 decisiva para a sa\u00fade financeira da empresa. Por isso, a Innove elabora um planejamento tribut\u00e1rio completo, avaliando faturamento, margem, estrutura operacional e proje\u00e7\u00f5es futuras. Analisamos cen\u00e1rios no Simples Nacional, Lucro Presumido e Lucro Real para identificar o regime mais econ\u00f4mico, reduzir carga tribut\u00e1ria e evitar autua\u00e7\u00f5es. O enquadramento \u00e9 feito com base nas legisla\u00e7\u00f5es atualizadas, garantindo que cada cliente pague apenas o necess\u00e1rio \u2014 com estrat\u00e9gia, previsibilidade e efici\u00eancia.<b><\/b><\/p>\t\t\t\t\t\t\t\t<\/div>\n\t\t\t\t<div class=\"elementor-element elementor-element-a595dd8 elementor-widget elementor-widget-text-editor\" data-id=\"a595dd8\" data-element_type=\"widget\" data-widget_type=\"text-editor.default\">\n\t\t\t\t\t\t\t\t\t<p><b>Outros Servi\u00e7os<\/b><\/p><ul><li>Mapa de Lucro Imobili\u00e1rio;<\/li><li>Escrita Fiscal;<\/li><li>C\u00e1lculo de Valuation.<\/li><\/ul>\t\t\t\t\t\t\t\t<\/div>\n\t\t\t\t<\/div>\n\t\t\t\t\t<\/div>\n\t\t\t\t<\/div>\n\t\t\t\t<\/div>\n\t\t","protected":false},"excerpt":{"rendered":"<p>Servi\u00e7os de Contabilidade\/Fiscal Abertura, Legaliza\u00e7\u00e3o e Regulariza\u00e7\u00e3o Empresarial A Innove atua em todas as etapas da constitui\u00e7\u00e3o e legaliza\u00e7\u00e3o de empresas, garantindo seguran\u00e7a jur\u00eddica desde o primeiro passo. Realizamos abertura completa do CNPJ, defini\u00e7\u00e3o da natureza jur\u00eddica, elabora\u00e7\u00e3o do contrato social, inscri\u00e7\u00f5es fiscais, obten\u00e7\u00e3o de alvar\u00e1s e demais registros obrigat\u00f3rios. Tamb\u00e9m conduzimos processos de regulariza\u00e7\u00e3o para empresas que precisam atualizar dados, reenquadrar atividades, ajustar pend\u00eancias fiscais ou adequar-se \u00e0s normas vigentes. Nosso objetivo \u00e9 entregar um neg\u00f3cio totalmente regularizado, apto a operar sem riscos e com plena conformidade legal. Enquadramento e Planejamento Tribut\u00e1rio (Simples, Presumido e Real) A escolha correta do regime tribut\u00e1rio \u00e9 decisiva para a sa\u00fade financeira da empresa. Por isso, a Innove elabora um planejamento tribut\u00e1rio completo, avaliando faturamento, margem, estrutura operacional e proje\u00e7\u00f5es futuras. Analisamos cen\u00e1rios no Simples Nacional, Lucro Presumido e Lucro Real para identificar o regime mais econ\u00f4mico, reduzir carga tribut\u00e1ria e evitar autua\u00e7\u00f5es. O enquadramento \u00e9 feito com base nas legisla\u00e7\u00f5es atualizadas, garantindo que cada cliente pague apenas o necess\u00e1rio \u2014 com estrat\u00e9gia, previsibilidade e efici\u00eancia. Contabilidade Completa e Especializada A escolha correta do regime tribut\u00e1rio \u00e9 decisiva para a sa\u00fade financeira da empresa. Por isso, a Innove elabora um planejamento tribut\u00e1rio completo, avaliando faturamento, margem, estrutura operacional e proje\u00e7\u00f5es futuras. Analisamos cen\u00e1rios no Simples Nacional, Lucro Presumido e Lucro Real para identificar o regime mais econ\u00f4mico, reduzir carga tribut\u00e1ria e evitar autua\u00e7\u00f5es. O enquadramento \u00e9 feito com base nas legisla\u00e7\u00f5es atualizadas, garantindo que cada cliente pague apenas o necess\u00e1rio \u2014 com estrat\u00e9gia, previsibilidade e efici\u00eancia. Outros Servi\u00e7os Mapa de Lucro Imobili\u00e1rio; Escrita Fiscal; C\u00e1lculo de Valuation.<\/p>\n","protected":false},"author":1,"featured_media":0,"parent":0,"menu_order":0,"comment_status":"closed","ping_status":"closed","template":"elementor_header_footer","meta":{"footnotes":""},"class_list":["post-1146","page","type-page","status-publish","hentry"],"_hostinger_reach_plugin_has_subscription_block":false,"_hostinger_reach_plugin_is_elementor":false,"_links":{"self":[{"href":"https:\/\/innovesolucoescontabeis.com.br\/home\/wp-json\/wp\/v2\/pages\/1146","targetHints":{"allow":["GET"]}}],"collection":[{"href":"https:\/\/innovesolucoescontabeis.com.br\/home\/wp-json\/wp\/v2\/pages"}],"about":[{"href":"https:\/\/innovesolucoescontabeis.com.br\/home\/wp-json\/wp\/v2\/types\/page"}],"author":[{"embeddable":true,"href":"https:\/\/innovesolucoescontabeis.com.br\/home\/wp-json\/wp\/v2\/users\/1"}],"replies":[{"embeddable":true,"href":"https:\/\/innovesolucoescontabeis.com.br\/home\/wp-json\/wp\/v2\/comments?post=1146"}],"version-history":[{"count":7,"href":"https:\/\/innovesolucoescontabeis.com.br\/home\/wp-json\/wp\/v2\/pages\/1146\/revisions"}],"predecessor-version":[{"id":1161,"href":"https:\/\/innovesolucoescontabeis.com.br\/home\/wp-json\/wp\/v2\/pages\/1146\/revisions\/1161"}],"wp:attachment":[{"href":"https:\/\/innovesolucoescontabeis.com.br\/home\/wp-json\/wp\/v2\/media?parent=1146"}],"curies":[{"name":"wp","href":"https:\/\/api.w.org\/{rel}","templated":true}]}}